{"id":35172,"date":"2014-12-22T13:10:43","date_gmt":"2014-12-22T13:10:43","guid":{"rendered":"https:\/\/www.alarcon-matosas.com\/rehabilitacio-2\/"},"modified":"2016-10-02T17:38:45","modified_gmt":"2016-10-02T17:38:45","slug":"rehabilitacio","status":"publish","type":"page","link":"https:\/\/www.alarcon-matosas.com\/es\/rehabilitacio\/","title":{"rendered":"Rehabilitaci\u00f3n"},"content":{"rendered":"<div class=\"wpb-content-wrapper\"><p>[vc_row][vc_column width=\u00bb1\/1&#8243;][vc_empty_space height=\u00bb40px\u00bb][vc_column_text css_animation=\u00bbfadeIn\u00bb]<\/p>\n<h2>REHABILITACI\u00d3N<\/h2>\n<p>[\/vc_column_text][vc_empty_space height=\u00bb40px\u00bb][\/vc_column][\/vc_row][vc_row][vc_column width=\u00bb1\/2&#8243;][vc_column_text css_animation=\u00bbfadeIn\u00bb]<em><span class=\"tagline\">f. Acci\u00f3n y efecto de rehabilitar.<br \/>\n<\/span><\/em>[\/vc_column_text][\/vc_column][vc_column width=\u00bb1\/2&#8243;][vc_column_text css_animation=\u00bbfadeIn\u00bb]<\/p>\n<p><em><span class=\"tagline\">tr. Habilitar de nuevo o restituir a algo o a alguien de su antiguo estado.<\/span> <\/em><\/p>\n<p>[\/vc_column_text][\/vc_column][\/vc_row][vc_row][vc_column width=\u00bb1\/1&#8243;][vc_empty_space height=\u00bb40px\u00bb][\/vc_column][\/vc_row][vc_row][vc_column width=\u00bb1\/4&#8243;][vc_column_text css_animation=\u00bbfadeIn\u00bb]<\/p>\n<h4>HISTORIA<\/h4>\n<p>Rehabilitar un espacio empieza por conocer y respetar su historia para que no pierda su car\u00e1cter.<\/p>\n<p>&nbsp;<\/p>\n<p>[\/vc_column_text][vc_empty_space height=\u00bb20px\u00bb][\/vc_column][vc_column width=\u00bb1\/4&#8243;][vc_column_text css_animation=\u00bbfadeIn\u00bb]<\/p>\n<h4>ESTUDIO<\/h4>\n<p>Un espacio existente tiene un funcionamiento y unas lesiones propias, debe ser observado y estudiado antes de actuar sobre \u00e9l.<\/p>\n<p>&nbsp;<\/p>\n<p>[\/vc_column_text][vc_empty_space height=\u00bb20px\u00bb][\/vc_column][vc_column width=\u00bb1\/4&#8243;][vc_column_text css_animation=\u00bbfadeIn\u00bb]<\/p>\n<h4>RENOVACI\u00d3N<\/h4>\n<p>Al actuar sobre un espacio existente con las t\u00e9cnicas de reparaci\u00f3n modernas no solo reparas sin\u00f3 que le das una nueva vida.<\/p>\n<p>[\/vc_column_text][vc_empty_space height=\u00bb20px\u00bb][\/vc_column][vc_column width=\u00bb1\/4&#8243;][vc_column_text css_animation=\u00bbfadeIn\u00bb]<\/p>\n<h4>CONSERVACI\u00d3N<\/h4>\n<p>Rehabilitar es dar la posibilidad de que no se pierdan las historias que quedan ligadas a cada espacio con el paso del tiempo.<\/p>\n<p>&nbsp;<\/p>\n<p>[\/vc_column_text][vc_empty_space height=\u00bb20px\u00bb][\/vc_column][\/vc_row]<\/p>\n<\/div>","protected":false},"excerpt":{"rendered":"<p>[vc_row][vc_column width=\u00bb1\/1&#8243;][vc_empty_space height=\u00bb40px\u00bb][vc_column_text css_animation=\u00bbfadeIn\u00bb] REHABILITACI\u00d3N [\/vc_column_text][vc_empty_space height=\u00bb40px\u00bb][\/vc_column][\/vc_row][vc_row][vc_column width=\u00bb1\/2&#8243;][vc_column_text css_animation=\u00bbfadeIn\u00bb]f. Acci\u00f3n y efecto de rehabilitar. [\/vc_column_text][\/vc_column][vc_column width=\u00bb1\/2&#8243;][vc_column_text css_animation=\u00bbfadeIn\u00bb] tr. Habilitar de nuevo o restituir a algo o a alguien de su antiguo estado. [\/vc_column_text][\/vc_column][\/vc_row][vc_row][vc_column width=\u00bb1\/1&#8243;][vc_empty_space height=\u00bb40px\u00bb][\/vc_column][\/vc_row][vc_row][vc_column width=\u00bb1\/4&#8243;][vc_column_text css_animation=\u00bbfadeIn\u00bb] HISTORIA Rehabilitar un espacio empieza por conocer y respetar su historia para que no pierda su car\u00e1cter. &nbsp;&hellip;<\/p>\n","protected":false},"author":4,"featured_media":35518,"parent":0,"menu_order":0,"comment_status":"closed","ping_status":"closed","template":"","meta":[],"class_list":["post-35172","page","type-page","status-publish","has-post-thumbnail","hentry","description-off"],"yoast_head":"<!-- This site is optimized with the Yoast SEO Premium plugin v27.0 (Yoast SEO v27.4) - https:\/\/yoast.com\/product\/yoast-seo-premium-wordpress\/ -->\n<title>Rehabilitaci\u00f3n - Alarcon &amp; Matosas<\/title>\n<meta name=\"robots\" content=\"index, follow, max-snippet:-1, max-image-preview:large, max-video-preview:-1\" \/>\n<link rel=\"canonical\" href=\"https:\/\/www.alarcon-matosas.com\/es\/rehabilitacio\/\" \/>\n<meta property=\"og:locale\" content=\"es_ES\" \/>\n<meta property=\"og:type\" content=\"article\" \/>\n<meta property=\"og:title\" content=\"Rehabilitaci\u00f3n\" \/>\n<meta property=\"og:description\" content=\"[vc_row][vc_column width=\u00bb1\/1&#8243;][vc_empty_space height=\u00bb40px\u00bb][vc_column_text css_animation=\u00bbfadeIn\u00bb] REHABILITACI\u00d3N [\/vc_column_text][vc_empty_space height=\u00bb40px\u00bb][\/vc_column][\/vc_row][vc_row][vc_column width=\u00bb1\/2&#8243;][vc_column_text css_animation=\u00bbfadeIn\u00bb]f. Acci\u00f3n y efecto de rehabilitar. [\/vc_column_text][\/vc_column][vc_column width=\u00bb1\/2&#8243;][vc_column_text css_animation=\u00bbfadeIn\u00bb] tr. Habilitar de nuevo o restituir a algo o a alguien de su antiguo estado. [\/vc_column_text][\/vc_column][\/vc_row][vc_row][vc_column width=\u00bb1\/1&#8243;][vc_empty_space height=\u00bb40px\u00bb][\/vc_column][\/vc_row][vc_row][vc_column width=\u00bb1\/4&#8243;][vc_column_text css_animation=\u00bbfadeIn\u00bb] HISTORIA Rehabilitar un espacio empieza por conocer y respetar su historia para que no pierda su car\u00e1cter. &nbsp;&hellip;\" \/>\n<meta property=\"og:url\" content=\"https:\/\/www.alarcon-matosas.com\/es\/rehabilitacio\/\" \/>\n<meta property=\"og:site_name\" content=\"Alarcon &amp; Matosas\" \/>\n<meta property=\"article:modified_time\" content=\"2016-10-02T17:38:45+00:00\" \/>\n<meta property=\"og:image\" content=\"https:\/\/www.alarcon-matosas.com\/wp-content\/uploads\/2015\/01\/fotos-actuals-036.jpg\" \/>\n\t<meta property=\"og:image:width\" content=\"3072\" \/>\n\t<meta property=\"og:image:height\" content=\"2304\" \/>\n\t<meta property=\"og:image:type\" content=\"image\/jpeg\" \/>\n<meta name=\"twitter:card\" content=\"summary_large_image\" \/>\n<meta name=\"twitter:label1\" content=\"Tiempo de lectura\" \/>\n\t<meta name=\"twitter:data1\" content=\"1 minuto\" \/>\n<script type=\"application\/ld+json\" class=\"yoast-schema-graph\">{\"@context\":\"https:\\\/\\\/schema.org\",\"@graph\":[{\"@type\":\"WebPage\",\"@id\":\"https:\\\/\\\/www.alarcon-matosas.com\\\/es\\\/rehabilitacio\\\/\",\"url\":\"https:\\\/\\\/www.alarcon-matosas.com\\\/es\\\/rehabilitacio\\\/\",\"name\":\"Rehabilitaci\u00f3n - Alarcon &amp; Matosas\",\"isPartOf\":{\"@id\":\"https:\\\/\\\/www.alarcon-matosas.com\\\/es\\\/#website\"},\"primaryImageOfPage\":{\"@id\":\"https:\\\/\\\/www.alarcon-matosas.com\\\/es\\\/rehabilitacio\\\/#primaryimage\"},\"image\":{\"@id\":\"https:\\\/\\\/www.alarcon-matosas.com\\\/es\\\/rehabilitacio\\\/#primaryimage\"},\"thumbnailUrl\":\"https:\\\/\\\/www.alarcon-matosas.com\\\/wp-content\\\/uploads\\\/2015\\\/01\\\/fotos-actuals-036.jpg\",\"datePublished\":\"2014-12-22T13:10:43+00:00\",\"dateModified\":\"2016-10-02T17:38:45+00:00\",\"breadcrumb\":{\"@id\":\"https:\\\/\\\/www.alarcon-matosas.com\\\/es\\\/rehabilitacio\\\/#breadcrumb\"},\"inLanguage\":\"es\",\"potentialAction\":[{\"@type\":\"ReadAction\",\"target\":[\"https:\\\/\\\/www.alarcon-matosas.com\\\/es\\\/rehabilitacio\\\/\"]}]},{\"@type\":\"ImageObject\",\"inLanguage\":\"es\",\"@id\":\"https:\\\/\\\/www.alarcon-matosas.com\\\/es\\\/rehabilitacio\\\/#primaryimage\",\"url\":\"https:\\\/\\\/www.alarcon-matosas.com\\\/wp-content\\\/uploads\\\/2015\\\/01\\\/fotos-actuals-036.jpg\",\"contentUrl\":\"https:\\\/\\\/www.alarcon-matosas.com\\\/wp-content\\\/uploads\\\/2015\\\/01\\\/fotos-actuals-036.jpg\",\"width\":3072,\"height\":2304,\"caption\":\"Estudio de rehabilitaci\u00f3n en Barcelona\"},{\"@type\":\"BreadcrumbList\",\"@id\":\"https:\\\/\\\/www.alarcon-matosas.com\\\/es\\\/rehabilitacio\\\/#breadcrumb\",\"itemListElement\":[{\"@type\":\"ListItem\",\"position\":1,\"name\":\"Inici\",\"item\":\"https:\\\/\\\/www.alarcon-matosas.com\\\/es\\\/\"},{\"@type\":\"ListItem\",\"position\":2,\"name\":\"Rehabilitaci\u00f3n\"}]},{\"@type\":\"WebSite\",\"@id\":\"https:\\\/\\\/www.alarcon-matosas.com\\\/es\\\/#website\",\"url\":\"https:\\\/\\\/www.alarcon-matosas.com\\\/es\\\/\",\"name\":\"Alarcon &amp; Matosas\",\"description\":\"Arquitectura Barcelona\",\"potentialAction\":[{\"@type\":\"SearchAction\",\"target\":{\"@type\":\"EntryPoint\",\"urlTemplate\":\"https:\\\/\\\/www.alarcon-matosas.com\\\/es\\\/?s={search_term_string}\"},\"query-input\":{\"@type\":\"PropertyValueSpecification\",\"valueRequired\":true,\"valueName\":\"search_term_string\"}}],\"inLanguage\":\"es\"}]}<\/script>\n<!-- \/ Yoast SEO Premium plugin. -->","yoast_head_json":{"title":"Rehabilitaci\u00f3n - Alarcon &amp; Matosas","robots":{"index":"index","follow":"follow","max-snippet":"max-snippet:-1","max-image-preview":"max-image-preview:large","max-video-preview":"max-video-preview:-1"},"canonical":"https:\/\/www.alarcon-matosas.com\/es\/rehabilitacio\/","og_locale":"es_ES","og_type":"article","og_title":"Rehabilitaci\u00f3n","og_description":"[vc_row][vc_column width=\u00bb1\/1&#8243;][vc_empty_space height=\u00bb40px\u00bb][vc_column_text css_animation=\u00bbfadeIn\u00bb] REHABILITACI\u00d3N [\/vc_column_text][vc_empty_space height=\u00bb40px\u00bb][\/vc_column][\/vc_row][vc_row][vc_column width=\u00bb1\/2&#8243;][vc_column_text css_animation=\u00bbfadeIn\u00bb]f. Acci\u00f3n y efecto de rehabilitar. [\/vc_column_text][\/vc_column][vc_column width=\u00bb1\/2&#8243;][vc_column_text css_animation=\u00bbfadeIn\u00bb] tr. Habilitar de nuevo o restituir a algo o a alguien de su antiguo estado. [\/vc_column_text][\/vc_column][\/vc_row][vc_row][vc_column width=\u00bb1\/1&#8243;][vc_empty_space height=\u00bb40px\u00bb][\/vc_column][\/vc_row][vc_row][vc_column width=\u00bb1\/4&#8243;][vc_column_text css_animation=\u00bbfadeIn\u00bb] HISTORIA Rehabilitar un espacio empieza por conocer y respetar su historia para que no pierda su car\u00e1cter. &nbsp;&hellip;","og_url":"https:\/\/www.alarcon-matosas.com\/es\/rehabilitacio\/","og_site_name":"Alarcon &amp; Matosas","article_modified_time":"2016-10-02T17:38:45+00:00","og_image":[{"width":3072,"height":2304,"url":"https:\/\/www.alarcon-matosas.com\/wp-content\/uploads\/2015\/01\/fotos-actuals-036.jpg","type":"image\/jpeg"}],"twitter_card":"summary_large_image","twitter_misc":{"Tiempo de lectura":"1 minuto"},"schema":{"@context":"https:\/\/schema.org","@graph":[{"@type":"WebPage","@id":"https:\/\/www.alarcon-matosas.com\/es\/rehabilitacio\/","url":"https:\/\/www.alarcon-matosas.com\/es\/rehabilitacio\/","name":"Rehabilitaci\u00f3n - Alarcon &amp; Matosas","isPartOf":{"@id":"https:\/\/www.alarcon-matosas.com\/es\/#website"},"primaryImageOfPage":{"@id":"https:\/\/www.alarcon-matosas.com\/es\/rehabilitacio\/#primaryimage"},"image":{"@id":"https:\/\/www.alarcon-matosas.com\/es\/rehabilitacio\/#primaryimage"},"thumbnailUrl":"https:\/\/www.alarcon-matosas.com\/wp-content\/uploads\/2015\/01\/fotos-actuals-036.jpg","datePublished":"2014-12-22T13:10:43+00:00","dateModified":"2016-10-02T17:38:45+00:00","breadcrumb":{"@id":"https:\/\/www.alarcon-matosas.com\/es\/rehabilitacio\/#breadcrumb"},"inLanguage":"es","potentialAction":[{"@type":"ReadAction","target":["https:\/\/www.alarcon-matosas.com\/es\/rehabilitacio\/"]}]},{"@type":"ImageObject","inLanguage":"es","@id":"https:\/\/www.alarcon-matosas.com\/es\/rehabilitacio\/#primaryimage","url":"https:\/\/www.alarcon-matosas.com\/wp-content\/uploads\/2015\/01\/fotos-actuals-036.jpg","contentUrl":"https:\/\/www.alarcon-matosas.com\/wp-content\/uploads\/2015\/01\/fotos-actuals-036.jpg","width":3072,"height":2304,"caption":"Estudio de rehabilitaci\u00f3n en Barcelona"},{"@type":"BreadcrumbList","@id":"https:\/\/www.alarcon-matosas.com\/es\/rehabilitacio\/#breadcrumb","itemListElement":[{"@type":"ListItem","position":1,"name":"Inici","item":"https:\/\/www.alarcon-matosas.com\/es\/"},{"@type":"ListItem","position":2,"name":"Rehabilitaci\u00f3n"}]},{"@type":"WebSite","@id":"https:\/\/www.alarcon-matosas.com\/es\/#website","url":"https:\/\/www.alarcon-matosas.com\/es\/","name":"Alarcon &amp; Matosas","description":"Arquitectura Barcelona","potentialAction":[{"@type":"SearchAction","target":{"@type":"EntryPoint","urlTemplate":"https:\/\/www.alarcon-matosas.com\/es\/?s={search_term_string}"},"query-input":{"@type":"PropertyValueSpecification","valueRequired":true,"valueName":"search_term_string"}}],"inLanguage":"es"}]}},"_links":{"self":[{"href":"https:\/\/www.alarcon-matosas.com\/es\/wp-json\/wp\/v2\/pages\/35172","targetHints":{"allow":["GET"]}}],"collection":[{"href":"https:\/\/www.alarcon-matosas.com\/es\/wp-json\/wp\/v2\/pages"}],"about":[{"href":"https:\/\/www.alarcon-matosas.com\/es\/wp-json\/wp\/v2\/types\/page"}],"author":[{"embeddable":true,"href":"https:\/\/www.alarcon-matosas.com\/es\/wp-json\/wp\/v2\/users\/4"}],"replies":[{"embeddable":true,"href":"https:\/\/www.alarcon-matosas.com\/es\/wp-json\/wp\/v2\/comments?post=35172"}],"version-history":[{"count":0,"href":"https:\/\/www.alarcon-matosas.com\/es\/wp-json\/wp\/v2\/pages\/35172\/revisions"}],"wp:featuredmedia":[{"embeddable":true,"href":"https:\/\/www.alarcon-matosas.com\/es\/wp-json\/wp\/v2\/media\/35518"}],"wp:attachment":[{"href":"https:\/\/www.alarcon-matosas.com\/es\/wp-json\/wp\/v2\/media?parent=35172"}],"curies":[{"name":"wp","href":"https:\/\/api.w.org\/{rel}","templated":true}]}}