{"id":35118,"date":"2014-12-16T11:39:29","date_gmt":"2014-12-16T11:39:29","guid":{"rendered":"https:\/\/www.alarcon-matosas.com\/contacte-2\/"},"modified":"2016-10-06T11:56:58","modified_gmt":"2016-10-06T11:56:58","slug":"contacto","status":"publish","type":"page","link":"https:\/\/www.alarcon-matosas.com\/es\/contacto\/","title":{"rendered":"Contacto"},"content":{"rendered":"<div class=\"wpb-content-wrapper\"><p>[vc_row margin_top=\u00bb0&#8243; margin_bottom=\u00bb0&#8243; full_width_row=\u00bbtrue\u00bb parallax_content=\u00bboff\u00bb css=\u00bb.vc_custom_1475658223346{margin-bottom: 0px !important;}\u00bb][vc_column][vc_raw_html]JTNDaWZyYW1lJTIwc3JjJTNEJTIyaHR0cHMlM0ElMkYlMkZ3d3cuZ29vZ2xlLmNvbSUyRm1hcHMlMkZlbWJlZCUzRnBiJTNEJTIxMW0xOCUyMTFtMTIlMjExbTMlMjExZDI5OTMuMjcwMTU5NDEyNDA0JTIxMmQyLjE2ODQ5MzMxNTgyOTUlMjEzZDQxLjM4OTkzODk3OTI2MzkzJTIxMm0zJTIxMWYwJTIxMmYwJTIxM2YwJTIxM20yJTIxMWkxMDI0JTIxMmk3NjglMjE0ZjEzLjElMjEzbTMlMjExbTIlMjExczB4MTJhNGEyZjFlOWRkNGZhMSUyNTNBMHhlNzUzNWQ2NTQ1ODFlODIwJTIxMnNBbGFyY29uJTI1MjZNYXRvc2FzJTJCeSUyQkFzc29jaWF0cy4lMkJBcnF1aXRlY3R1cmElMkJ5JTJCRGlzc2VueSUyQlMuTC5QJTIxNWUwJTIxM20yJTIxMXNlcyUyMTJzZXMlMjE0djE0NzU2NTc2NTg0NTYlMjIlMjBoZWlnaHQlM0QlMjI0MDAlMjIlMjBmcmFtZWJvcmRlciUzRCUyMjAlMjIlMjBzdHlsZSUzRCUyMndpZHRoJTNBMTAwJTI1JTNCJTIwYm9yZGVyJTNBMCUzQiUyMiUyMGFsbG93ZnVsbHNjcmVlbiUzRSUzQyUyRmlmcmFtZSUzRQ==[\/vc_raw_html][vc_empty_space height=\u00bb40px\u00bb][\/vc_column][\/vc_row][vc_row][vc_column width=\u00bb3\/4&#8243;][vc_column_text]<\/p>\n<h3><span id=\"result_box\" class=\"short_text\" lang=\"ca\" tabindex=\"-1\"><span class=\"hps\">Solicitud de informaci\u00f3n<\/span><\/span><\/h3>\n<p>[\/vc_column_text][vc_empty_space height=\u00bb20px\u00bb]\n<div class=\"wpcf7 no-js\" id=\"wpcf7-f35344-o1\" lang=\"\" dir=\"ltr\" data-wpcf7-id=\"35344\">\n<div class=\"screen-reader-response\"><p role=\"status\" aria-live=\"polite\" aria-atomic=\"true\"><\/p> <ul><\/ul><\/div>\n<form action=\"\/es\/wp-json\/wp\/v2\/pages\/35118#wpcf7-f35344-o1\" method=\"post\" class=\"wpcf7-form init\" aria-label=\"Formulario de contacto\" novalidate=\"novalidate\" data-status=\"init\">\n<fieldset class=\"hidden-fields-container\"><input type=\"hidden\" name=\"_wpcf7\" value=\"35344\" \/><input type=\"hidden\" name=\"_wpcf7_version\" value=\"6.1.5\" \/><input type=\"hidden\" name=\"_wpcf7_locale\" value=\"\" \/><input type=\"hidden\" name=\"_wpcf7_unit_tag\" value=\"wpcf7-f35344-o1\" \/><input type=\"hidden\" name=\"_wpcf7_container_post\" value=\"0\" \/><input type=\"hidden\" name=\"_wpcf7_posted_data_hash\" value=\"\" \/><input type=\"hidden\" name=\"_wpcf7_recaptcha_response\" value=\"\" \/>\n<\/fieldset>\n<div class=\"text-justify widget-form\" id=\"main-form\">\n\t<div class=\"mitad\">\n\t\t<p><label class=\"labelform\" for=\"nombre\">Nombre <span>*<\/span><\/label><br \/>\n<span class=\"wpcf7-form-control-wrap\" data-name=\"nombre\"><input size=\"40\" maxlength=\"400\" class=\"wpcf7-form-control wpcf7-text wpcf7-validates-as-required form-reserva-online-mitad\" aria-required=\"true\" aria-invalid=\"false\" placeholder=\"*Nombre\" value=\"\" type=\"text\" name=\"nombre\" \/><\/span>\n\t\t<\/p>\n\t<\/div>\n\t<div class=\"mitad\">\n\t\t<p><label for=\"apellidos\">Apellidos <span>*<\/span><\/label><br \/>\n<span class=\"wpcf7-form-control-wrap\" data-name=\"apellidos\"><input size=\"40\" maxlength=\"400\" class=\"wpcf7-form-control wpcf7-text wpcf7-validates-as-required form-mitad\" aria-required=\"true\" aria-invalid=\"false\" placeholder=\"*Apellidos\" value=\"\" type=\"text\" name=\"apellidos\" \/><\/span>\n\t\t<\/p>\n\t<\/div>\n\t<div class=\"mitad\">\n\t\t<p><label for=\"email\">Email <span>*<\/span><\/label><br \/>\n<span class=\"wpcf7-form-control-wrap\" data-name=\"email\"><input size=\"40\" maxlength=\"400\" class=\"wpcf7-form-control wpcf7-email wpcf7-validates-as-required wpcf7-text wpcf7-validates-as-email form-mitad\" aria-required=\"true\" aria-invalid=\"false\" placeholder=\"*Email\" value=\"\" type=\"email\" name=\"email\" \/><\/span>\n\t\t<\/p>\n\t<\/div>\n\t<div class=\"mitad\">\n\t\t<p><label for=\"tel\">Tel\u00e9fono<\/label><br \/>\n<span class=\"wpcf7-form-control-wrap\" data-name=\"tel\"><input size=\"40\" maxlength=\"400\" class=\"wpcf7-form-control wpcf7-tel wpcf7-text wpcf7-validates-as-tel form-mitad\" aria-invalid=\"false\" placeholder=\"Tel\u00e9fono\" value=\"\" type=\"tel\" name=\"tel\" \/><\/span>\n\t\t<\/p>\n\t<\/div>\n\t<div class=\"todo\">\n\t\t<p><label for=\"comentario\">Comentario <span>*<\/span><\/label><br \/>\n<span class=\"wpcf7-form-control-wrap\" data-name=\"comentario\"><textarea cols=\"40\" rows=\"10\" maxlength=\"2000\" class=\"wpcf7-form-control wpcf7-textarea wpcf7-validates-as-required form-todo\" aria-required=\"true\" aria-invalid=\"false\" name=\"comentario\"><\/textarea><\/span>\n\t\t<\/p>\n\t<\/div>\n\t<div class=\"todo\">\n\t\t<p>[wpgdprc \"Acepto la Pol\u00edtica de Privacidad.\"]\n\t\t<\/p>\n\t\t<p style=\"font-size:12px; line-height: 20px;\"><b>Responsable:<\/b> ALARCON & MATOSAS I ASSOCIATS ARQUITECTURA I DISSENY SLP <b>Finalidad:<\/b> Env\u00edo de publicaciones y correos comerciales. <b>Legitimaci\u00f3n:<\/b> Mediante su expreso consentimiento. <b>Destinatarios:<\/b> Sus datos se encuentran alojados de forma segura en nuestro sito web. <b>Derechos:<\/b> Vd. podr\u00e1 ejercer sus derechos de Acceso, Rectificaci\u00f3n, Limitaci\u00f3n o Suprimir sus datos en info@alarcon-matosas.com. Para m\u00e1s informaci\u00f3n consulte nuestra <a target=\"_blank;\" href=\"https:\/\/www.alarcon-matosas.com\/es\/politica-de-privacidad\/\">Pol\u00edtica de Privacidad.<\/a>\n\t\t<\/p>\n\t\t<p><input class=\"wpcf7-form-control wpcf7-submit has-spinner\" type=\"submit\" value=\"Enviar\" \/>\n\t\t<\/p>\n\t<\/div>\n<\/div><p style=\"display: none !important;\" class=\"akismet-fields-container\" data-prefix=\"_wpcf7_ak_\"><label>&#916;<textarea name=\"_wpcf7_ak_hp_textarea\" cols=\"45\" rows=\"8\" maxlength=\"100\"><\/textarea><\/label><input type=\"hidden\" id=\"ak_js_1\" name=\"_wpcf7_ak_js\" value=\"125\"\/><script type=\"text\/javascript\">\n\/* <![CDATA[ *\/\ndocument.getElementById( \"ak_js_1\" ).setAttribute( \"value\", ( new Date() ).getTime() );\n\/* ]]> *\/\n<\/script>\n<\/p><div class=\"wpcf7-response-output\" aria-hidden=\"true\"><\/div>\n<\/form>\n<\/div>\n[vc_empty_space height=\u00bb20px\u00bb][\/vc_column][vc_column width=\u00bb1\/4&#8243;][vc_column_text]<\/p>\n<h3><span id=\"result_box\" class=\"short_text\" lang=\"ca\" tabindex=\"-1\"><span class=\"hps\">Datos de contacto<br \/>\n<\/span><\/span><\/h3>\n<p>[\/vc_column_text][vc_empty_space height=\u00bb20px\u00bb][vc_column_text]<strong>Direcci\u00f3n:<\/strong><\/p>\n<p>Pau Claris 85, 1-1 A 08010<\/p>\n<div class=\"hr-thin\"><\/div>\n<p><strong>Tel\u00e9fono:<\/strong><\/p>\n<p>+34 933 180 179<\/p>\n<div class=\"hr-thin\"><\/div>\n<p><strong>Email:<\/strong><\/p>\n<p>info@alarcon-matosas.com<\/p>\n<div class=\"hr-thin\"><\/div>\n<p><strong>Web:<\/strong><\/p>\n<p>www.alarcon-matosas.com<\/p>\n<div class=\"hr-thin\"><\/div>\n<p><strong>Redes Sociales:<\/strong><\/p>\n<div class=\"soc-ico\"><a title=\"Facebook\" href=\"https:\/\/www.facebook.com\/alarconmatosasarquitectura\" target=\"_blank\" class=\"facebook\"><span class=\"assistive-text\">Facebook<\/span><\/a> <a title=\"Twitter\" href=\"https:\/\/twitter.com\/AlarconMatosas\" target=\"_blank\" class=\"twitter\"><span class=\"assistive-text\">Twitter<\/span><\/a><a title=\"ID de Google Analytics\" href=\"https:\/\/plus.google.com\/u\/0\/b\/103881941586153699658\/103881941586153699658\/about\" target=\"_blank\" class=\"google\"><span class=\"assistive-text\">ID de Google Analytics<\/span><\/a><a title=\"Pinterest\" href=\"http:\/\/es.pinterest.com\/alarconmatosas\/\" target=\"_blank\" class=\"pinterest\"><span class=\"assistive-text\">Pinterest<\/span><\/a><\/p><p><\/div>[\/vc_column_text][\/vc_column][\/vc_row]<\/p>\n<\/div>","protected":false},"excerpt":{"rendered":"<p>[vc_row margin_top=\u00bb0&#8243; margin_bottom=\u00bb0&#8243; full_width_row=\u00bbtrue\u00bb parallax_content=\u00bboff\u00bb css=\u00bb.vc_custom_1475658223346{margin-bottom: 0px !important;}\u00bb][vc_column][vc_raw_html]JTNDaWZyYW1lJTIwc3JjJTNEJTIyaHR0cHMlM0ElMkYlMkZ3d3cuZ29vZ2xlLmNvbSUyRm1hcHMlMkZlbWJlZCUzRnBiJTNEJTIxMW0xOCUyMTFtMTIlMjExbTMlMjExZDI5OTMuMjcwMTU5NDEyNDA0JTIxMmQyLjE2ODQ5MzMxNTgyOTUlMjEzZDQxLjM4OTkzODk3OTI2MzkzJTIxMm0zJTIxMWYwJTIxMmYwJTIxM2YwJTIxM20yJTIxMWkxMDI0JTIxMmk3NjglMjE0ZjEzLjElMjEzbTMlMjExbTIlMjExczB4MTJhNGEyZjFlOWRkNGZhMSUyNTNBMHhlNzUzNWQ2NTQ1ODFlODIwJTIxMnNBbGFyY29uJTI1MjZNYXRvc2FzJTJCeSUyQkFzc29jaWF0cy4lMkJBcnF1aXRlY3R1cmElMkJ5JTJCRGlzc2VueSUyQlMuTC5QJTIxNWUwJTIxM20yJTIxMXNlcyUyMTJzZXMlMjE0djE0NzU2NTc2NTg0NTYlMjIlMjBoZWlnaHQlM0QlMjI0MDAlMjIlMjBmcmFtZWJvcmRlciUzRCUyMjAlMjIlMjBzdHlsZSUzRCUyMndpZHRoJTNBMTAwJTI1JTNCJTIwYm9yZGVyJTNBMCUzQiUyMiUyMGFsbG93ZnVsbHNjcmVlbiUzRSUzQyUyRmlmcmFtZSUzRQ==[\/vc_raw_html][vc_empty_space height=\u00bb40px\u00bb][\/vc_column][\/vc_row][vc_row][vc_column width=\u00bb3\/4&#8243;][vc_column_text] Solicitud de informaci\u00f3n [\/vc_column_text][vc_empty_space height=\u00bb20px\u00bb][vc_empty_space height=\u00bb20px\u00bb][\/vc_column][vc_column width=\u00bb1\/4&#8243;][vc_column_text] Datos de contacto [\/vc_column_text][vc_empty_space height=\u00bb20px\u00bb][vc_column_text]Direcci\u00f3n: Pau Claris 85, 1-1 A 08010 Tel\u00e9fono: +34 933 180 179 Email: info@alarcon-matosas.com Web: www.alarcon-matosas.com Redes Sociales: [\/vc_column_text][\/vc_column][\/vc_row]<\/p>\n","protected":false},"author":4,"featured_media":0,"parent":0,"menu_order":0,"comment_status":"closed","ping_status":"closed","template":"","meta":[],"class_list":["post-35118","page","type-page","status-publish","hentry","description-off"],"yoast_head":"<!-- This site is optimized with the Yoast SEO Premium plugin v27.0 (Yoast SEO v27.5) - https:\/\/yoast.com\/product\/yoast-seo-premium-wordpress\/ -->\n<title>Contacto - Alarcon &amp; Matosas<\/title>\n<meta name=\"robots\" content=\"index, follow, max-snippet:-1, max-image-preview:large, max-video-preview:-1\" \/>\n<link rel=\"canonical\" href=\"https:\/\/www.alarcon-matosas.com\/es\/contacto\/\" \/>\n<meta property=\"og:locale\" content=\"es_ES\" \/>\n<meta property=\"og:type\" content=\"article\" \/>\n<meta property=\"og:title\" content=\"Contacto\" \/>\n<meta property=\"og:description\" content=\"[vc_row margin_top=\u00bb0&#8243; margin_bottom=\u00bb0&#8243; full_width_row=\u00bbtrue\u00bb parallax_content=\u00bboff\u00bb css=\u00bb.vc_custom_1475658223346{margin-bottom: 0px !important;}\u00bb][vc_column][vc_raw_html]JTNDaWZyYW1lJTIwc3JjJTNEJTIyaHR0cHMlM0ElMkYlMkZ3d3cuZ29vZ2xlLmNvbSUyRm1hcHMlMkZlbWJlZCUzRnBiJTNEJTIxMW0xOCUyMTFtMTIlMjExbTMlMjExZDI5OTMuMjcwMTU5NDEyNDA0JTIxMmQyLjE2ODQ5MzMxNTgyOTUlMjEzZDQxLjM4OTkzODk3OTI2MzkzJTIxMm0zJTIxMWYwJTIxMmYwJTIxM2YwJTIxM20yJTIxMWkxMDI0JTIxMmk3NjglMjE0ZjEzLjElMjEzbTMlMjExbTIlMjExczB4MTJhNGEyZjFlOWRkNGZhMSUyNTNBMHhlNzUzNWQ2NTQ1ODFlODIwJTIxMnNBbGFyY29uJTI1MjZNYXRvc2FzJTJCeSUyQkFzc29jaWF0cy4lMkJBcnF1aXRlY3R1cmElMkJ5JTJCRGlzc2VueSUyQlMuTC5QJTIxNWUwJTIxM20yJTIxMXNlcyUyMTJzZXMlMjE0djE0NzU2NTc2NTg0NTYlMjIlMjBoZWlnaHQlM0QlMjI0MDAlMjIlMjBmcmFtZWJvcmRlciUzRCUyMjAlMjIlMjBzdHlsZSUzRCUyMndpZHRoJTNBMTAwJTI1JTNCJTIwYm9yZGVyJTNBMCUzQiUyMiUyMGFsbG93ZnVsbHNjcmVlbiUzRSUzQyUyRmlmcmFtZSUzRQ==[\/vc_raw_html][vc_empty_space height=\u00bb40px\u00bb][\/vc_column][\/vc_row][vc_row][vc_column width=\u00bb3\/4&#8243;][vc_column_text] Solicitud de informaci\u00f3n [\/vc_column_text][vc_empty_space height=\u00bb20px\u00bb][vc_empty_space height=\u00bb20px\u00bb][\/vc_column][vc_column width=\u00bb1\/4&#8243;][vc_column_text] Datos de contacto [\/vc_column_text][vc_empty_space height=\u00bb20px\u00bb][vc_column_text]Direcci\u00f3n: Pau Claris 85, 1-1 A 08010 Tel\u00e9fono: +34 933 180 179 Email: info@alarcon-matosas.com Web: www.alarcon-matosas.com Redes Sociales: [\/vc_column_text][\/vc_column][\/vc_row]\" \/>\n<meta property=\"og:url\" content=\"https:\/\/www.alarcon-matosas.com\/es\/contacto\/\" \/>\n<meta property=\"og:site_name\" content=\"Alarcon &amp; Matosas\" \/>\n<meta property=\"article:modified_time\" content=\"2016-10-06T11:56:58+00:00\" \/>\n<meta name=\"twitter:card\" content=\"summary_large_image\" \/>\n<meta name=\"twitter:label1\" content=\"Tiempo de lectura\" \/>\n\t<meta name=\"twitter:data1\" content=\"1 minuto\" \/>\n<script type=\"application\/ld+json\" class=\"yoast-schema-graph\">{\"@context\":\"https:\\\/\\\/schema.org\",\"@graph\":[{\"@type\":\"WebPage\",\"@id\":\"https:\\\/\\\/www.alarcon-matosas.com\\\/es\\\/contacto\\\/\",\"url\":\"https:\\\/\\\/www.alarcon-matosas.com\\\/es\\\/contacto\\\/\",\"name\":\"Contacto - Alarcon &amp; Matosas\",\"isPartOf\":{\"@id\":\"https:\\\/\\\/www.alarcon-matosas.com\\\/es\\\/#website\"},\"datePublished\":\"2014-12-16T11:39:29+00:00\",\"dateModified\":\"2016-10-06T11:56:58+00:00\",\"breadcrumb\":{\"@id\":\"https:\\\/\\\/www.alarcon-matosas.com\\\/es\\\/contacto\\\/#breadcrumb\"},\"inLanguage\":\"es\",\"potentialAction\":[{\"@type\":\"ReadAction\",\"target\":[\"https:\\\/\\\/www.alarcon-matosas.com\\\/es\\\/contacto\\\/\"]}]},{\"@type\":\"BreadcrumbList\",\"@id\":\"https:\\\/\\\/www.alarcon-matosas.com\\\/es\\\/contacto\\\/#breadcrumb\",\"itemListElement\":[{\"@type\":\"ListItem\",\"position\":1,\"name\":\"Inici\",\"item\":\"https:\\\/\\\/www.alarcon-matosas.com\\\/es\\\/\"},{\"@type\":\"ListItem\",\"position\":2,\"name\":\"Contacto\"}]},{\"@type\":\"WebSite\",\"@id\":\"https:\\\/\\\/www.alarcon-matosas.com\\\/es\\\/#website\",\"url\":\"https:\\\/\\\/www.alarcon-matosas.com\\\/es\\\/\",\"name\":\"Alarcon &amp; Matosas\",\"description\":\"Arquitectura Barcelona\",\"potentialAction\":[{\"@type\":\"SearchAction\",\"target\":{\"@type\":\"EntryPoint\",\"urlTemplate\":\"https:\\\/\\\/www.alarcon-matosas.com\\\/es\\\/?s={search_term_string}\"},\"query-input\":{\"@type\":\"PropertyValueSpecification\",\"valueRequired\":true,\"valueName\":\"search_term_string\"}}],\"inLanguage\":\"es\"}]}<\/script>\n<!-- \/ Yoast SEO Premium plugin. -->","yoast_head_json":{"title":"Contacto - Alarcon &amp; Matosas","robots":{"index":"index","follow":"follow","max-snippet":"max-snippet:-1","max-image-preview":"max-image-preview:large","max-video-preview":"max-video-preview:-1"},"canonical":"https:\/\/www.alarcon-matosas.com\/es\/contacto\/","og_locale":"es_ES","og_type":"article","og_title":"Contacto","og_description":"[vc_row margin_top=\u00bb0&#8243; margin_bottom=\u00bb0&#8243; full_width_row=\u00bbtrue\u00bb parallax_content=\u00bboff\u00bb css=\u00bb.vc_custom_1475658223346{margin-bottom: 0px !important;}\u00bb][vc_column][vc_raw_html]JTNDaWZyYW1lJTIwc3JjJTNEJTIyaHR0cHMlM0ElMkYlMkZ3d3cuZ29vZ2xlLmNvbSUyRm1hcHMlMkZlbWJlZCUzRnBiJTNEJTIxMW0xOCUyMTFtMTIlMjExbTMlMjExZDI5OTMuMjcwMTU5NDEyNDA0JTIxMmQyLjE2ODQ5MzMxNTgyOTUlMjEzZDQxLjM4OTkzODk3OTI2MzkzJTIxMm0zJTIxMWYwJTIxMmYwJTIxM2YwJTIxM20yJTIxMWkxMDI0JTIxMmk3NjglMjE0ZjEzLjElMjEzbTMlMjExbTIlMjExczB4MTJhNGEyZjFlOWRkNGZhMSUyNTNBMHhlNzUzNWQ2NTQ1ODFlODIwJTIxMnNBbGFyY29uJTI1MjZNYXRvc2FzJTJCeSUyQkFzc29jaWF0cy4lMkJBcnF1aXRlY3R1cmElMkJ5JTJCRGlzc2VueSUyQlMuTC5QJTIxNWUwJTIxM20yJTIxMXNlcyUyMTJzZXMlMjE0djE0NzU2NTc2NTg0NTYlMjIlMjBoZWlnaHQlM0QlMjI0MDAlMjIlMjBmcmFtZWJvcmRlciUzRCUyMjAlMjIlMjBzdHlsZSUzRCUyMndpZHRoJTNBMTAwJTI1JTNCJTIwYm9yZGVyJTNBMCUzQiUyMiUyMGFsbG93ZnVsbHNjcmVlbiUzRSUzQyUyRmlmcmFtZSUzRQ==[\/vc_raw_html][vc_empty_space height=\u00bb40px\u00bb][\/vc_column][\/vc_row][vc_row][vc_column width=\u00bb3\/4&#8243;][vc_column_text] Solicitud de informaci\u00f3n [\/vc_column_text][vc_empty_space height=\u00bb20px\u00bb][vc_empty_space height=\u00bb20px\u00bb][\/vc_column][vc_column width=\u00bb1\/4&#8243;][vc_column_text] Datos de contacto [\/vc_column_text][vc_empty_space height=\u00bb20px\u00bb][vc_column_text]Direcci\u00f3n: Pau Claris 85, 1-1 A 08010 Tel\u00e9fono: +34 933 180 179 Email: info@alarcon-matosas.com Web: www.alarcon-matosas.com Redes Sociales: [\/vc_column_text][\/vc_column][\/vc_row]","og_url":"https:\/\/www.alarcon-matosas.com\/es\/contacto\/","og_site_name":"Alarcon &amp; Matosas","article_modified_time":"2016-10-06T11:56:58+00:00","twitter_card":"summary_large_image","twitter_misc":{"Tiempo de lectura":"1 minuto"},"schema":{"@context":"https:\/\/schema.org","@graph":[{"@type":"WebPage","@id":"https:\/\/www.alarcon-matosas.com\/es\/contacto\/","url":"https:\/\/www.alarcon-matosas.com\/es\/contacto\/","name":"Contacto - Alarcon &amp; Matosas","isPartOf":{"@id":"https:\/\/www.alarcon-matosas.com\/es\/#website"},"datePublished":"2014-12-16T11:39:29+00:00","dateModified":"2016-10-06T11:56:58+00:00","breadcrumb":{"@id":"https:\/\/www.alarcon-matosas.com\/es\/contacto\/#breadcrumb"},"inLanguage":"es","potentialAction":[{"@type":"ReadAction","target":["https:\/\/www.alarcon-matosas.com\/es\/contacto\/"]}]},{"@type":"BreadcrumbList","@id":"https:\/\/www.alarcon-matosas.com\/es\/contacto\/#breadcrumb","itemListElement":[{"@type":"ListItem","position":1,"name":"Inici","item":"https:\/\/www.alarcon-matosas.com\/es\/"},{"@type":"ListItem","position":2,"name":"Contacto"}]},{"@type":"WebSite","@id":"https:\/\/www.alarcon-matosas.com\/es\/#website","url":"https:\/\/www.alarcon-matosas.com\/es\/","name":"Alarcon &amp; Matosas","description":"Arquitectura Barcelona","potentialAction":[{"@type":"SearchAction","target":{"@type":"EntryPoint","urlTemplate":"https:\/\/www.alarcon-matosas.com\/es\/?s={search_term_string}"},"query-input":{"@type":"PropertyValueSpecification","valueRequired":true,"valueName":"search_term_string"}}],"inLanguage":"es"}]}},"_links":{"self":[{"href":"https:\/\/www.alarcon-matosas.com\/es\/wp-json\/wp\/v2\/pages\/35118","targetHints":{"allow":["GET"]}}],"collection":[{"href":"https:\/\/www.alarcon-matosas.com\/es\/wp-json\/wp\/v2\/pages"}],"about":[{"href":"https:\/\/www.alarcon-matosas.com\/es\/wp-json\/wp\/v2\/types\/page"}],"author":[{"embeddable":true,"href":"https:\/\/www.alarcon-matosas.com\/es\/wp-json\/wp\/v2\/users\/4"}],"replies":[{"embeddable":true,"href":"https:\/\/www.alarcon-matosas.com\/es\/wp-json\/wp\/v2\/comments?post=35118"}],"version-history":[{"count":0,"href":"https:\/\/www.alarcon-matosas.com\/es\/wp-json\/wp\/v2\/pages\/35118\/revisions"}],"wp:attachment":[{"href":"https:\/\/www.alarcon-matosas.com\/es\/wp-json\/wp\/v2\/media?parent=35118"}],"curies":[{"name":"wp","href":"https:\/\/api.w.org\/{rel}","templated":true}]}}