{"id":35115,"date":"2014-12-16T11:38:52","date_gmt":"2014-12-16T11:38:52","guid":{"rendered":"https:\/\/www.alarcon-matosas.com\/nosaltres-2\/"},"modified":"2016-12-19T10:21:19","modified_gmt":"2016-12-19T10:21:19","slug":"el-estudio","status":"publish","type":"page","link":"https:\/\/www.alarcon-matosas.com\/es\/el-estudio\/","title":{"rendered":"El Estudio"},"content":{"rendered":"<div class=\"wpb-content-wrapper\"><p>[vc_row][vc_column][vc_column_text css_animation=\u00bbfadeIn\u00bb]<\/p>\n<div class=\"shortcode-gallery dt-format-gallery gallery-col-4 galleryid-35115 dt-gallery-container\" style=\"width: 100%;\"><a href=\"javascript:void(0)\" class=\"big-img\" title=\"p1050355\" style=\"cursor: default;\"><img decoding=\"async\" src=\"https:\/\/www.alarcon-matosas.com\/wp-content\/uploads\/2014\/12\/P1050355-480x480.jpg\" srcset=\"https:\/\/www.alarcon-matosas.com\/wp-content\/uploads\/2014\/12\/P1050355-480x480.jpg 480w\" class=\"preload-me\" width=\"480\" height=\"480\"  alt=\"p1050355\" title=\"p1050355\" \/><\/a><a href=\"javascript:void(0)\"  title=\"p1050346\" style=\"cursor: default;\"><img decoding=\"async\" src=\"https:\/\/www.alarcon-matosas.com\/wp-content\/uploads\/2014\/12\/P1050346-300x300.jpg\" srcset=\"https:\/\/www.alarcon-matosas.com\/wp-content\/uploads\/2014\/12\/P1050346-300x300.jpg 300w, https:\/\/www.alarcon-matosas.com\/wp-content\/uploads\/2014\/12\/P1050346-480x480.jpg 480w\" class=\"preload-me\" width=\"300\" height=\"300\"  alt=\"p1050346\" title=\"p1050346\" \/><\/a><a href=\"javascript:void(0)\"  title=\"p1050370\" style=\"cursor: default;\"><img decoding=\"async\" src=\"https:\/\/www.alarcon-matosas.com\/wp-content\/uploads\/2014\/12\/P1050370-300x300.jpg\" srcset=\"https:\/\/www.alarcon-matosas.com\/wp-content\/uploads\/2014\/12\/P1050370-300x300.jpg 300w, https:\/\/www.alarcon-matosas.com\/wp-content\/uploads\/2014\/12\/P1050370-480x480.jpg 480w\" class=\"preload-me\" width=\"300\" height=\"300\"  alt=\"p1050370\" title=\"p1050370\" \/><\/a><a href=\"javascript:void(0)\"  title=\"p1050362\" style=\"cursor: default;\"><img decoding=\"async\" src=\"https:\/\/www.alarcon-matosas.com\/wp-content\/uploads\/2014\/12\/P1050362-300x300.jpg\" srcset=\"https:\/\/www.alarcon-matosas.com\/wp-content\/uploads\/2014\/12\/P1050362-300x300.jpg 300w, https:\/\/www.alarcon-matosas.com\/wp-content\/uploads\/2014\/12\/P1050362-480x480.jpg 480w\" class=\"preload-me\" width=\"300\" height=\"300\"  alt=\"p1050362\" title=\"p1050362\" \/><\/a><a href=\"javascript:void(0)\"  title=\"p1050383\" style=\"cursor: default;\"><img decoding=\"async\" src=\"https:\/\/www.alarcon-matosas.com\/wp-content\/uploads\/2014\/12\/P1050383-300x300.jpg\" srcset=\"https:\/\/www.alarcon-matosas.com\/wp-content\/uploads\/2014\/12\/P1050383-300x300.jpg 300w, https:\/\/www.alarcon-matosas.com\/wp-content\/uploads\/2014\/12\/P1050383-480x480.jpg 480w\" class=\"preload-me\" width=\"300\" height=\"300\"  alt=\"p1050383\" title=\"p1050383\" \/><\/a><\/div>\n<p>[\/vc_column_text][vc_empty_space height=\u00bb40px\u00bb][\/vc_column][\/vc_row][vc_row][vc_column][vc_column_text css_animation=\u00bbfadeIn\u00bb]<\/p>\n<p><img decoding=\"async\" class=\"alignnone wp-image-34789 size-full\" src=\"https:\/\/www.alarcon-matosas.com\/wp-content\/uploads\/2014\/12\/alarconmatosas-logo.png\" alt=\"Alarcon &amp; Matosas\" width=\"397\" height=\"66\" srcset=\"https:\/\/www.alarcon-matosas.com\/wp-content\/uploads\/2014\/12\/alarconmatosas-logo.png 397w, https:\/\/www.alarcon-matosas.com\/wp-content\/uploads\/2014\/12\/alarconmatosas-logo-300x49.png 300w\" sizes=\"(max-width: 397px) 100vw, 397px\" \/><\/p>\n<p>[\/vc_column_text][vc_empty_space height=\u00bb20px\u00bb][\/vc_column][\/vc_row][vc_row][vc_column width=\u00bb1\/2&#8243;][vc_column_text css_animation=\u00bbfadeIn\u00bb]<\/p>\n<h4>Somos un estudio de Barcelona que ofrece servicios integrales relacionados con la arquitectura y el dise\u00f1o.<\/h4>\n<h4>Nuestro objetivo es asesorar a nuestros clientes, aportando nuestros conocimientos, experiencia y creatividad para dar respuestas adecuadas a sus necesidades.<\/h4>\n<h4><\/h4>\n<h4><\/h4>\n<p>[\/vc_column_text][vc_empty_space height=\u00bb20px\u00bb][\/vc_column][vc_column width=\u00bb1\/2&#8243;][vc_column_text css_animation=\u00bbfadeIn\u00bb]El estudio naci\u00f3 hace m\u00e1s de 30 a\u00f1os fruto de la colaboraci\u00f3n de Pedro Alarc\u00f3n Puche y Amadeu Matosas Paris, ambos arquitectos que se conocieron mientras cursaban la carrera de arquitectura en Barcelona.<\/p>\n<p>A\u00f1os despu\u00e9s entraron a formar parte del estudio Sandra Escribano Fonfria, arquitecta t\u00e9cnica y Laura Zorrila Ledesma, arquitecta. Creando un equipo de cuatro socios apasionados por la arquitectura y con ganas de trabajar al lado de nuestros clientes.<\/p>\n<p>Nuestro estudio se encuentra en el centro de Barcelona, realizamos muchos proyectos en nuestra ciudad pero tambi\u00e9n trabajamos por todo el territorio peninsular y en el estrangero.<\/p>\n<p>Cada nuevo proyecto es un reto as\u00ed que colaboramos con otros profesionales en todos los \u00e1mbitos para poder adaptarnos a cada nueva idea o necesidad, siempre estamos abiertos a seguir aprendiendo e innnovando.<\/p>\n<p>[\/vc_column_text][vc_empty_space height=\u00bb20px\u00bb][\/vc_column][\/vc_row]<\/p>\n<\/div>","protected":false},"excerpt":{"rendered":"<p>[vc_row][vc_column][vc_column_text css_animation=\u00bbfadeIn\u00bb] [\/vc_column_text][vc_empty_space height=\u00bb40px\u00bb][\/vc_column][\/vc_row][vc_row][vc_column][vc_column_text css_animation=\u00bbfadeIn\u00bb] [\/vc_column_text][vc_empty_space height=\u00bb20px\u00bb][\/vc_column][\/vc_row][vc_row][vc_column width=\u00bb1\/2&#8243;][vc_column_text css_animation=\u00bbfadeIn\u00bb] Somos un estudio de Barcelona que ofrece servicios integrales relacionados con la arquitectura y el dise\u00f1o. Nuestro objetivo es asesorar a nuestros clientes, aportando nuestros conocimientos, experiencia y creatividad para dar respuestas adecuadas a sus necesidades. [\/vc_column_text][vc_empty_space height=\u00bb20px\u00bb][\/vc_column][vc_column width=\u00bb1\/2&#8243;][vc_column_text css_animation=\u00bbfadeIn\u00bb]El estudio naci\u00f3 hace m\u00e1s de 30&hellip;<\/p>\n","protected":false},"author":4,"featured_media":0,"parent":0,"menu_order":0,"comment_status":"closed","ping_status":"closed","template":"","meta":[],"class_list":["post-35115","page","type-page","status-publish","hentry","description-off"],"yoast_head":"<!-- This site is optimized with the Yoast SEO Premium plugin v27.0 (Yoast SEO v27.5) - https:\/\/yoast.com\/product\/yoast-seo-premium-wordpress\/ -->\n<title>El Estudio - Alarcon &amp; Matosas<\/title>\n<meta name=\"robots\" content=\"index, follow, max-snippet:-1, max-image-preview:large, max-video-preview:-1\" \/>\n<link rel=\"canonical\" href=\"https:\/\/www.alarcon-matosas.com\/es\/el-estudio\/\" \/>\n<meta property=\"og:locale\" content=\"es_ES\" \/>\n<meta property=\"og:type\" content=\"article\" \/>\n<meta property=\"og:title\" content=\"El Estudio\" \/>\n<meta property=\"og:description\" content=\"[vc_row][vc_column][vc_column_text css_animation=\u00bbfadeIn\u00bb] [\/vc_column_text][vc_empty_space height=\u00bb40px\u00bb][\/vc_column][\/vc_row][vc_row][vc_column][vc_column_text css_animation=\u00bbfadeIn\u00bb] [\/vc_column_text][vc_empty_space height=\u00bb20px\u00bb][\/vc_column][\/vc_row][vc_row][vc_column width=\u00bb1\/2&#8243;][vc_column_text css_animation=\u00bbfadeIn\u00bb] Somos un estudio de Barcelona que ofrece servicios integrales relacionados con la arquitectura y el dise\u00f1o. Nuestro objetivo es asesorar a nuestros clientes, aportando nuestros conocimientos, experiencia y creatividad para dar respuestas adecuadas a sus necesidades. [\/vc_column_text][vc_empty_space height=\u00bb20px\u00bb][\/vc_column][vc_column width=\u00bb1\/2&#8243;][vc_column_text css_animation=\u00bbfadeIn\u00bb]El estudio naci\u00f3 hace m\u00e1s de 30&hellip;\" \/>\n<meta property=\"og:url\" content=\"https:\/\/www.alarcon-matosas.com\/es\/el-estudio\/\" \/>\n<meta property=\"og:site_name\" content=\"Alarcon &amp; Matosas\" \/>\n<meta property=\"article:modified_time\" content=\"2016-12-19T10:21:19+00:00\" \/>\n<meta property=\"og:image\" content=\"https:\/\/www.alarcon-matosas.com\/wp-content\/uploads\/2014\/12\/P1050355-480x480.jpg\" \/>\n<meta name=\"twitter:card\" content=\"summary_large_image\" \/>\n<meta name=\"twitter:label1\" content=\"Tiempo de lectura\" \/>\n\t<meta name=\"twitter:data1\" content=\"1 minuto\" \/>\n<script type=\"application\/ld+json\" class=\"yoast-schema-graph\">{\"@context\":\"https:\\\/\\\/schema.org\",\"@graph\":[{\"@type\":\"WebPage\",\"@id\":\"https:\\\/\\\/www.alarcon-matosas.com\\\/es\\\/el-estudio\\\/\",\"url\":\"https:\\\/\\\/www.alarcon-matosas.com\\\/es\\\/el-estudio\\\/\",\"name\":\"El Estudio - Alarcon &amp; Matosas\",\"isPartOf\":{\"@id\":\"https:\\\/\\\/www.alarcon-matosas.com\\\/es\\\/#website\"},\"primaryImageOfPage\":{\"@id\":\"https:\\\/\\\/www.alarcon-matosas.com\\\/es\\\/el-estudio\\\/#primaryimage\"},\"image\":{\"@id\":\"https:\\\/\\\/www.alarcon-matosas.com\\\/es\\\/el-estudio\\\/#primaryimage\"},\"thumbnailUrl\":\"https:\\\/\\\/www.alarcon-matosas.com\\\/wp-content\\\/uploads\\\/2014\\\/12\\\/alarconmatosas-logo.png\",\"datePublished\":\"2014-12-16T11:38:52+00:00\",\"dateModified\":\"2016-12-19T10:21:19+00:00\",\"breadcrumb\":{\"@id\":\"https:\\\/\\\/www.alarcon-matosas.com\\\/es\\\/el-estudio\\\/#breadcrumb\"},\"inLanguage\":\"es\",\"potentialAction\":[{\"@type\":\"ReadAction\",\"target\":[\"https:\\\/\\\/www.alarcon-matosas.com\\\/es\\\/el-estudio\\\/\"]}]},{\"@type\":\"ImageObject\",\"inLanguage\":\"es\",\"@id\":\"https:\\\/\\\/www.alarcon-matosas.com\\\/es\\\/el-estudio\\\/#primaryimage\",\"url\":\"https:\\\/\\\/www.alarcon-matosas.com\\\/wp-content\\\/uploads\\\/2014\\\/12\\\/alarconmatosas-logo.png\",\"contentUrl\":\"https:\\\/\\\/www.alarcon-matosas.com\\\/wp-content\\\/uploads\\\/2014\\\/12\\\/alarconmatosas-logo.png\"},{\"@type\":\"BreadcrumbList\",\"@id\":\"https:\\\/\\\/www.alarcon-matosas.com\\\/es\\\/el-estudio\\\/#breadcrumb\",\"itemListElement\":[{\"@type\":\"ListItem\",\"position\":1,\"name\":\"Inici\",\"item\":\"https:\\\/\\\/www.alarcon-matosas.com\\\/es\\\/\"},{\"@type\":\"ListItem\",\"position\":2,\"name\":\"El Estudio\"}]},{\"@type\":\"WebSite\",\"@id\":\"https:\\\/\\\/www.alarcon-matosas.com\\\/es\\\/#website\",\"url\":\"https:\\\/\\\/www.alarcon-matosas.com\\\/es\\\/\",\"name\":\"Alarcon &amp; Matosas\",\"description\":\"Arquitectura Barcelona\",\"potentialAction\":[{\"@type\":\"SearchAction\",\"target\":{\"@type\":\"EntryPoint\",\"urlTemplate\":\"https:\\\/\\\/www.alarcon-matosas.com\\\/es\\\/?s={search_term_string}\"},\"query-input\":{\"@type\":\"PropertyValueSpecification\",\"valueRequired\":true,\"valueName\":\"search_term_string\"}}],\"inLanguage\":\"es\"}]}<\/script>\n<!-- \/ Yoast SEO Premium plugin. -->","yoast_head_json":{"title":"El Estudio - Alarcon &amp; Matosas","robots":{"index":"index","follow":"follow","max-snippet":"max-snippet:-1","max-image-preview":"max-image-preview:large","max-video-preview":"max-video-preview:-1"},"canonical":"https:\/\/www.alarcon-matosas.com\/es\/el-estudio\/","og_locale":"es_ES","og_type":"article","og_title":"El Estudio","og_description":"[vc_row][vc_column][vc_column_text css_animation=\u00bbfadeIn\u00bb] [\/vc_column_text][vc_empty_space height=\u00bb40px\u00bb][\/vc_column][\/vc_row][vc_row][vc_column][vc_column_text css_animation=\u00bbfadeIn\u00bb] [\/vc_column_text][vc_empty_space height=\u00bb20px\u00bb][\/vc_column][\/vc_row][vc_row][vc_column width=\u00bb1\/2&#8243;][vc_column_text css_animation=\u00bbfadeIn\u00bb] Somos un estudio de Barcelona que ofrece servicios integrales relacionados con la arquitectura y el dise\u00f1o. Nuestro objetivo es asesorar a nuestros clientes, aportando nuestros conocimientos, experiencia y creatividad para dar respuestas adecuadas a sus necesidades. [\/vc_column_text][vc_empty_space height=\u00bb20px\u00bb][\/vc_column][vc_column width=\u00bb1\/2&#8243;][vc_column_text css_animation=\u00bbfadeIn\u00bb]El estudio naci\u00f3 hace m\u00e1s de 30&hellip;","og_url":"https:\/\/www.alarcon-matosas.com\/es\/el-estudio\/","og_site_name":"Alarcon &amp; Matosas","article_modified_time":"2016-12-19T10:21:19+00:00","og_image":[{"url":"https:\/\/www.alarcon-matosas.com\/wp-content\/uploads\/2014\/12\/P1050355-480x480.jpg","type":"","width":"","height":""}],"twitter_card":"summary_large_image","twitter_misc":{"Tiempo de lectura":"1 minuto"},"schema":{"@context":"https:\/\/schema.org","@graph":[{"@type":"WebPage","@id":"https:\/\/www.alarcon-matosas.com\/es\/el-estudio\/","url":"https:\/\/www.alarcon-matosas.com\/es\/el-estudio\/","name":"El Estudio - Alarcon &amp; Matosas","isPartOf":{"@id":"https:\/\/www.alarcon-matosas.com\/es\/#website"},"primaryImageOfPage":{"@id":"https:\/\/www.alarcon-matosas.com\/es\/el-estudio\/#primaryimage"},"image":{"@id":"https:\/\/www.alarcon-matosas.com\/es\/el-estudio\/#primaryimage"},"thumbnailUrl":"https:\/\/www.alarcon-matosas.com\/wp-content\/uploads\/2014\/12\/alarconmatosas-logo.png","datePublished":"2014-12-16T11:38:52+00:00","dateModified":"2016-12-19T10:21:19+00:00","breadcrumb":{"@id":"https:\/\/www.alarcon-matosas.com\/es\/el-estudio\/#breadcrumb"},"inLanguage":"es","potentialAction":[{"@type":"ReadAction","target":["https:\/\/www.alarcon-matosas.com\/es\/el-estudio\/"]}]},{"@type":"ImageObject","inLanguage":"es","@id":"https:\/\/www.alarcon-matosas.com\/es\/el-estudio\/#primaryimage","url":"https:\/\/www.alarcon-matosas.com\/wp-content\/uploads\/2014\/12\/alarconmatosas-logo.png","contentUrl":"https:\/\/www.alarcon-matosas.com\/wp-content\/uploads\/2014\/12\/alarconmatosas-logo.png"},{"@type":"BreadcrumbList","@id":"https:\/\/www.alarcon-matosas.com\/es\/el-estudio\/#breadcrumb","itemListElement":[{"@type":"ListItem","position":1,"name":"Inici","item":"https:\/\/www.alarcon-matosas.com\/es\/"},{"@type":"ListItem","position":2,"name":"El Estudio"}]},{"@type":"WebSite","@id":"https:\/\/www.alarcon-matosas.com\/es\/#website","url":"https:\/\/www.alarcon-matosas.com\/es\/","name":"Alarcon &amp; Matosas","description":"Arquitectura Barcelona","potentialAction":[{"@type":"SearchAction","target":{"@type":"EntryPoint","urlTemplate":"https:\/\/www.alarcon-matosas.com\/es\/?s={search_term_string}"},"query-input":{"@type":"PropertyValueSpecification","valueRequired":true,"valueName":"search_term_string"}}],"inLanguage":"es"}]}},"_links":{"self":[{"href":"https:\/\/www.alarcon-matosas.com\/es\/wp-json\/wp\/v2\/pages\/35115","targetHints":{"allow":["GET"]}}],"collection":[{"href":"https:\/\/www.alarcon-matosas.com\/es\/wp-json\/wp\/v2\/pages"}],"about":[{"href":"https:\/\/www.alarcon-matosas.com\/es\/wp-json\/wp\/v2\/types\/page"}],"author":[{"embeddable":true,"href":"https:\/\/www.alarcon-matosas.com\/es\/wp-json\/wp\/v2\/users\/4"}],"replies":[{"embeddable":true,"href":"https:\/\/www.alarcon-matosas.com\/es\/wp-json\/wp\/v2\/comments?post=35115"}],"version-history":[{"count":0,"href":"https:\/\/www.alarcon-matosas.com\/es\/wp-json\/wp\/v2\/pages\/35115\/revisions"}],"wp:attachment":[{"href":"https:\/\/www.alarcon-matosas.com\/es\/wp-json\/wp\/v2\/media?parent=35115"}],"curies":[{"name":"wp","href":"https:\/\/api.w.org\/{rel}","templated":true}]}}